{"id":18512,"date":"2025-12-17T21:47:28","date_gmt":"2025-12-17T21:47:28","guid":{"rendered":"https:\/\/springfinancial.ca\/?page_id=18512"},"modified":"2026-01-12T17:24:29","modified_gmt":"2026-01-12T17:24:29","slug":"rating-two","status":"publish","type":"page","link":"https:\/\/springfinancial.ca\/fr\/rating-two\/","title":{"rendered":"Two Star Review"},"content":{"rendered":"\t\t<div data-elementor-type=\"wp-page\" data-elementor-id=\"18512\" class=\"elementor elementor-18512\" data-elementor-post-type=\"page\">\n\t\t\t\t<div class=\"elementor-element elementor-element-12b9068 e-flex e-con-boxed wpr-particle-no wpr-jarallax-no wpr-parallax-no wpr-sticky-section-no e-con e-parent\" data-id=\"12b9068\" data-element_type=\"container\" data-e-type=\"container\" data-settings=\"{&quot;motion_fx_motion_fx_scrolling&quot;:&quot;yes&quot;,&quot;motion_fx_range&quot;:&quot;viewport&quot;,&quot;background_background&quot;:&quot;classic&quot;,&quot;motion_fx_devices&quot;:[&quot;desktop&quot;,&quot;tablet&quot;,&quot;mobile&quot;]}\">\n\t\t\t\t\t<div class=\"e-con-inner\">\n\t\t<div class=\"elementor-element elementor-element-0c3229d e-con-full e-flex wpr-particle-no wpr-jarallax-no wpr-parallax-no wpr-sticky-section-no e-con e-child\" data-id=\"0c3229d\" data-element_type=\"container\" data-e-type=\"container\">\n\t\t<div class=\"elementor-element elementor-element-b58e935 e-con-full e-flex wpr-particle-no wpr-jarallax-no wpr-parallax-no wpr-sticky-section-no e-con e-child\" data-id=\"b58e935\" data-element_type=\"container\" data-e-type=\"container\" data-settings=\"{&quot;animation&quot;:&quot;none&quot;}\">\n\t\t\t\t<div class=\"elementor-element elementor-element-1290376 elementor-widget-tablet__width-inherit elementor-widget__width-initial elementor-widget elementor-widget-heading\" data-id=\"1290376\" data-element_type=\"widget\" data-e-type=\"widget\" data-settings=\"{&quot;_animation&quot;:&quot;none&quot;,&quot;_animation_mobile&quot;:&quot;none&quot;}\" data-widget_type=\"heading.default\">\n\t\t\t\t\t<h1 class=\"elementor-heading-title elementor-size-default\">We value your <span class=\"span-gradient\">feedback.<\/span><\/h1>\t\t\t\t<\/div>\n\t\t\t\t<div class=\"elementor-element elementor-element-63cf9e8 elementor-widget elementor-widget-image\" data-id=\"63cf9e8\" data-element_type=\"widget\" data-e-type=\"widget\" data-widget_type=\"image.default\">\n\t\t\t\t\t\t\t\t\t\t\t\t\t\t\t<img fetchpriority=\"high\" decoding=\"async\" width=\"4122\" height=\"723\" src=\"https:\/\/springfinancial.ca\/wp-content\/uploads\/2025\/12\/2TwoStars.svg\" class=\"attachment-large size-large wp-image-18541\" alt=\"\" \/>\t\t\t\t\t\t\t\t\t\t\t\t\t\t\t<\/div>\n\t\t\t\t<div class=\"elementor-element elementor-element-c6c2d4c elementor-widget-tablet__width-initial elementor-widget-mobile__width-initial elementor-widget elementor-widget-text-editor\" data-id=\"c6c2d4c\" data-element_type=\"widget\" data-e-type=\"widget\" data-settings=\"{&quot;_animation&quot;:&quot;none&quot;,&quot;_animation_mobile&quot;:&quot;none&quot;}\" data-widget_type=\"text-editor.default\">\n\t\t\t\t\t\t\t\t\t<p style=\"text-align: left;\">How can we improve your experience? Let us know by filling out this quick form.<\/p><p style=\"text-align: left;\" data-v-6b2bba6e=\"\">If you\u2019d like one of our customer service team members to follow up on your feedback, simply leave your contact details, and we\u2019ll be happy to get in touch.<\/p>\t\t\t\t\t\t\t\t<\/div>\n\t\t\t\t<\/div>\n\t\t\t\t<\/div>\n\t\t<div class=\"elementor-element elementor-element-5364e02 e-con-full e-flex wpr-particle-no wpr-jarallax-no wpr-parallax-no wpr-sticky-section-no e-con e-child\" data-id=\"5364e02\" data-element_type=\"container\" data-e-type=\"container\" data-settings=\"{&quot;background_background&quot;:&quot;classic&quot;}\">\n\t\t\t\t<div class=\"elementor-element elementor-element-c7c1c62 elementor-button-align-stretch elementor-widget elementor-widget-form\" data-id=\"c7c1c62\" data-element_type=\"widget\" data-e-type=\"widget\" data-settings=\"{&quot;step_next_label&quot;:&quot;Next&quot;,&quot;step_previous_label&quot;:&quot;Previous&quot;,&quot;button_width&quot;:&quot;100&quot;,&quot;step_type&quot;:&quot;number_text&quot;,&quot;step_icon_shape&quot;:&quot;circle&quot;}\" data-widget_type=\"form.default\">\n\t\t\t\t\t\t\t<form class=\"elementor-form\" method=\"post\" name=\"New Form\" aria-label=\"New Form\">\n\t\t\t<input type=\"hidden\" name=\"post_id\" value=\"18512\"\/>\n\t\t\t<input type=\"hidden\" name=\"form_id\" value=\"c7c1c62\"\/>\n\t\t\t<input type=\"hidden\" name=\"referer_title\" value=\"Spring Financial\" \/>\n\n\t\t\t\n\t\t\t<div class=\"elementor-form-fields-wrapper elementor-labels-above\">\n\t\t\t\t\t\t\t\t<div class=\"elementor-field-type-text elementor-field-group elementor-column elementor-field-group-name elementor-col-100\">\n\t\t\t\t\t\t\t\t\t\t\t\t<label for=\"form-field-name\" class=\"elementor-field-label\">\n\t\t\t\t\t\t\t\tFull Name\t\t\t\t\t\t\t<\/label>\n\t\t\t\t\t\t\t\t\t\t\t\t\t\t<input size=\"1\" type=\"text\" name=\"form_fields[name]\" id=\"form-field-name\" class=\"elementor-field elementor-size-md  elementor-field-textual\" placeholder=\"Name\">\n\t\t\t\t\t\t\t\t\t\t\t<\/div>\n\t\t\t\t\t\t\t\t<div class=\"elementor-field-type-email elementor-field-group elementor-column elementor-field-group-email elementor-col-100 elementor-field-required\">\n\t\t\t\t\t\t\t\t\t\t\t\t<label for=\"form-field-email\" class=\"elementor-field-label\">\n\t\t\t\t\t\t\t\tEmail\t\t\t\t\t\t\t<\/label>\n\t\t\t\t\t\t\t\t\t\t\t\t\t\t<input size=\"1\" type=\"email\" name=\"form_fields[email]\" id=\"form-field-email\" class=\"elementor-field elementor-size-md  elementor-field-textual\" placeholder=\"Email\" required=\"required\">\n\t\t\t\t\t\t\t\t\t\t\t<\/div>\n\t\t\t\t\t\t\t\t<div class=\"elementor-field-type-tel elementor-field-group elementor-column elementor-field-group-phone elementor-col-100 elementor-field-required\">\n\t\t\t\t\t\t\t\t\t\t\t\t<label for=\"form-field-phone\" class=\"elementor-field-label\">\n\t\t\t\t\t\t\t\tPhone Number\t\t\t\t\t\t\t<\/label>\n\t\t\t\t\t\t\t\t<input size=\"1\" type=\"tel\" name=\"form_fields[phone]\" id=\"form-field-phone\" class=\"elementor-field elementor-size-md  elementor-field-textual\" placeholder=\"+1 (123) 555 7890\" required=\"required\" pattern=\"[0-9()#&amp;+*-=.]+\" title=\"Seuls les caract\u00e8res de num\u00e9ros de t\u00e9l\u00e9phone (#, -, *, etc.) sont accept\u00e9s.\">\n\n\t\t\t\t\t\t<\/div>\n\t\t\t\t\t\t\t\t<div class=\"elementor-field-type-textarea elementor-field-group elementor-column elementor-field-group-message elementor-col-100\">\n\t\t\t\t\t\t\t\t\t\t\t\t<label for=\"form-field-message\" class=\"elementor-field-label\">\n\t\t\t\t\t\t\t\tMessage\t\t\t\t\t\t\t<\/label>\n\t\t\t\t\t\t<textarea class=\"elementor-field-textual elementor-field  elementor-size-md\" name=\"form_fields[message]\" id=\"form-field-message\" rows=\"4\" placeholder=\"Message\"><\/textarea>\t\t\t\t<\/div>\n\t\t\t\t\t\t\t\t<div class=\"elementor-field-type-radio elementor-field-group elementor-column elementor-field-group-contact elementor-col-100\">\n\t\t\t\t\t\t\t\t\t\t\t\t<label for=\"form-field-contact\" class=\"elementor-field-label\">\n\t\t\t\t\t\t\t\tPreferred Contact Method\t\t\t\t\t\t\t<\/label>\n\t\t\t\t\t\t<div class=\"elementor-field-subgroup  elementor-subgroup-inline\"><span class=\"elementor-field-option\"><input type=\"radio\" value=\"Phone\" id=\"form-field-contact-0\" name=\"form_fields[contact]\"> <label for=\"form-field-contact-0\">Phone<\/label><\/span><span class=\"elementor-field-option\"><input type=\"radio\" value=\"Email\" id=\"form-field-contact-1\" name=\"form_fields[contact]\"> <label for=\"form-field-contact-1\">Email<\/label><\/span><\/div>\t\t\t\t<\/div>\n\t\t\t\t\t\t\t\t<div class=\"elementor-field-type-hidden elementor-field-group elementor-column elementor-field-group-customerRating elementor-col-100\">\n\t\t\t\t\t\t\t\t\t\t\t\t\t<input size=\"1\" type=\"hidden\" name=\"form_fields[customerRating]\" id=\"form-field-customerRating\" class=\"elementor-field elementor-size-md  elementor-field-textual\" value=\"2\">\n\t\t\t\t\t\t\t\t\t\t\t<\/div>\n\t\t\t\t\t\t\t\t<div class=\"elementor-field-group elementor-column elementor-field-type-submit elementor-col-100 e-form__buttons\">\n\t\t\t\t\t<button class=\"elementor-button elementor-size-sm\" type=\"submit\">\n\t\t\t\t\t\t<span class=\"elementor-button-content-wrapper\">\n\t\t\t\t\t\t\t\t\t\t\t\t\t\t\t\t\t\t\t\t\t\t<span class=\"elementor-button-text\">Send<\/span>\n\t\t\t\t\t\t\t\t\t\t\t\t\t<\/span>\n\t\t\t\t\t<\/button>\n\t\t\t\t<\/div>\n\t\t\t<\/div>\n\t\t<\/form>\n\t\t\t\t\t\t<\/div>\n\t\t\t\t<\/div>\n\t\t\t\t\t<\/div>\n\t\t\t\t<\/div>\n\t\t\t\t<\/div>\n\t\t","protected":false},"excerpt":{"rendered":"<p>We value your feedback. How can we improve your experience? Let us know by filling out this quick form. If you\u2019d like one of our customer service team members to follow up on your feedback, simply leave your contact details, and we\u2019ll be happy to get in touch.<\/p>\n","protected":false},"author":6,"featured_media":0,"parent":0,"menu_order":0,"comment_status":"closed","ping_status":"closed","template":"","meta":{"_acf_changed":false,"footnotes":""},"class_list":["post-18512","page","type-page","status-publish","hentry"],"acf":[],"yoast_head":"<!-- This site is optimized with the Yoast SEO plugin v27.2 - https:\/\/yoast.com\/product\/yoast-seo-wordpress\/ -->\n<title>Online Loans from 9.99% | Spring Financial<\/title>\n<meta name=\"description\" content=\"Get the loan that fits your life. Interest rates starting at 9.99%*. Loan amounts from $500 to $35,000. Pay back whenever you want with no fees or penalties.\" \/>\n<meta name=\"robots\" content=\"index, follow, max-snippet:-1, max-image-preview:large, max-video-preview:-1\" \/>\n<link rel=\"canonical\" href=\"https:\/\/springfinancial.ca\/rating-two\/\" \/>\n<meta property=\"og:locale\" content=\"fr_FR\" \/>\n<meta property=\"og:type\" content=\"article\" \/>\n<meta property=\"og:title\" content=\"Online Loans from 9.99% | Spring Financial\" \/>\n<meta property=\"og:description\" content=\"Get the loan that fits your life. Interest rates starting at 9.99%*. Loan amounts from $500 to $35,000. Pay back whenever you want with no fees or penalties.\" \/>\n<meta property=\"og:url\" content=\"https:\/\/springfinancial.ca\/rating-two\/\" \/>\n<meta property=\"og:site_name\" content=\"Spring Financial\" \/>\n<meta property=\"article:publisher\" content=\"https:\/\/www.facebook.com\/springfinancial\/\" \/>\n<meta property=\"article:modified_time\" content=\"2026-01-12T17:24:29+00:00\" \/>\n<meta property=\"og:image\" content=\"https:\/\/springfinancial.ca\/wp-content\/uploads\/2025\/12\/SiteImage2.png\" \/>\n\t<meta property=\"og:image:width\" content=\"1201\" \/>\n\t<meta property=\"og:image:height\" content=\"676\" \/>\n\t<meta property=\"og:image:type\" content=\"image\/png\" \/>\n<meta name=\"twitter:card\" content=\"summary_large_image\" \/>\n<meta name=\"twitter:label1\" content=\"Dur\u00e9e de lecture estim\u00e9e\" \/>\n\t<meta name=\"twitter:data1\" content=\"1 minute\" \/>\n<script type=\"application\/ld+json\" class=\"yoast-schema-graph\">{\"@context\":\"https:\/\/schema.org\",\"@graph\":[{\"@type\":\"WebPage\",\"@id\":\"https:\/\/springfinancial.ca\/rating-two\/\",\"url\":\"https:\/\/springfinancial.ca\/rating-two\/\",\"name\":\"Online Loans from 9.99% | Spring Financial\",\"isPartOf\":{\"@id\":\"https:\/\/springfinancial.ca\/#website\"},\"primaryImageOfPage\":{\"@id\":\"https:\/\/springfinancial.ca\/rating-two\/#primaryimage\"},\"image\":{\"@id\":\"https:\/\/springfinancial.ca\/rating-two\/#primaryimage\"},\"thumbnailUrl\":\"https:\/\/springfinancial.ca\/wp-content\/uploads\/2025\/12\/2TwoStars.svg\",\"datePublished\":\"2025-12-17T21:47:28+00:00\",\"dateModified\":\"2026-01-12T17:24:29+00:00\",\"description\":\"Get the loan that fits your life. Interest rates starting at 9.99%*. Loan amounts from $500 to $35,000. Pay back whenever you want with no fees or penalties.\",\"breadcrumb\":{\"@id\":\"https:\/\/springfinancial.ca\/rating-two\/#breadcrumb\"},\"inLanguage\":\"fr-FR\",\"potentialAction\":[{\"@type\":\"ReadAction\",\"target\":[\"https:\/\/springfinancial.ca\/rating-two\/\"]}]},{\"@type\":\"ImageObject\",\"inLanguage\":\"fr-FR\",\"@id\":\"https:\/\/springfinancial.ca\/rating-two\/#primaryimage\",\"url\":\"https:\/\/springfinancial.ca\/wp-content\/uploads\/2025\/12\/2TwoStars.svg\",\"contentUrl\":\"https:\/\/springfinancial.ca\/wp-content\/uploads\/2025\/12\/2TwoStars.svg\"},{\"@type\":\"BreadcrumbList\",\"@id\":\"https:\/\/springfinancial.ca\/rating-two\/#breadcrumb\",\"itemListElement\":[{\"@type\":\"ListItem\",\"position\":1,\"name\":\"Home\",\"item\":\"https:\/\/springfinancial.ca\/fr\/\"},{\"@type\":\"ListItem\",\"position\":2,\"name\":\"Two Star Review\"}]},{\"@type\":\"WebSite\",\"@id\":\"https:\/\/springfinancial.ca\/#website\",\"url\":\"https:\/\/springfinancial.ca\/\",\"name\":\"Spring Financial\",\"description\":\"Online Loans from 9.99%\",\"publisher\":{\"@id\":\"https:\/\/springfinancial.ca\/#organization\"},\"potentialAction\":[{\"@type\":\"SearchAction\",\"target\":{\"@type\":\"EntryPoint\",\"urlTemplate\":\"https:\/\/springfinancial.ca\/?s={search_term_string}\"},\"query-input\":{\"@type\":\"PropertyValueSpecification\",\"valueRequired\":true,\"valueName\":\"search_term_string\"}}],\"inLanguage\":\"fr-FR\"},{\"@type\":\"Organization\",\"@id\":\"https:\/\/springfinancial.ca\/#organization\",\"name\":\"Spring Financial\",\"url\":\"https:\/\/springfinancial.ca\/\",\"logo\":{\"@type\":\"ImageObject\",\"inLanguage\":\"fr-FR\",\"@id\":\"https:\/\/springfinancial.ca\/#\/schema\/logo\/image\/\",\"url\":\"https:\/\/springfinancial.ca\/wp-content\/uploads\/2025\/08\/spring-logo-80x34-1.svg\",\"contentUrl\":\"https:\/\/springfinancial.ca\/wp-content\/uploads\/2025\/08\/spring-logo-80x34-1.svg\",\"width\":80,\"height\":34,\"caption\":\"Spring Financial\"},\"image\":{\"@id\":\"https:\/\/springfinancial.ca\/#\/schema\/logo\/image\/\"},\"sameAs\":[\"https:\/\/www.facebook.com\/springfinancial\/\",\"https:\/\/www.instagram.com\/springfinancial.ca\"]}]}<\/script>\n<!-- \/ Yoast SEO plugin. -->","yoast_head_json":{"title":"Online Loans from 9.99% | Spring Financial","description":"Get the loan that fits your life. Interest rates starting at 9.99%*. Loan amounts from $500 to $35,000. Pay back whenever you want with no fees or penalties.","robots":{"index":"index","follow":"follow","max-snippet":"max-snippet:-1","max-image-preview":"max-image-preview:large","max-video-preview":"max-video-preview:-1"},"canonical":"https:\/\/springfinancial.ca\/rating-two\/","og_locale":"fr_FR","og_type":"article","og_title":"Online Loans from 9.99% | Spring Financial","og_description":"Get the loan that fits your life. Interest rates starting at 9.99%*. Loan amounts from $500 to $35,000. Pay back whenever you want with no fees or penalties.","og_url":"https:\/\/springfinancial.ca\/rating-two\/","og_site_name":"Spring Financial","article_publisher":"https:\/\/www.facebook.com\/springfinancial\/","article_modified_time":"2026-01-12T17:24:29+00:00","og_image":[{"width":1201,"height":676,"url":"https:\/\/springfinancial.ca\/wp-content\/uploads\/2025\/12\/SiteImage2.png","type":"image\/png"}],"twitter_card":"summary_large_image","twitter_misc":{"Dur\u00e9e de lecture estim\u00e9e":"1 minute"},"schema":{"@context":"https:\/\/schema.org","@graph":[{"@type":"WebPage","@id":"https:\/\/springfinancial.ca\/rating-two\/","url":"https:\/\/springfinancial.ca\/rating-two\/","name":"Online Loans from 9.99% | Spring Financial","isPartOf":{"@id":"https:\/\/springfinancial.ca\/#website"},"primaryImageOfPage":{"@id":"https:\/\/springfinancial.ca\/rating-two\/#primaryimage"},"image":{"@id":"https:\/\/springfinancial.ca\/rating-two\/#primaryimage"},"thumbnailUrl":"https:\/\/springfinancial.ca\/wp-content\/uploads\/2025\/12\/2TwoStars.svg","datePublished":"2025-12-17T21:47:28+00:00","dateModified":"2026-01-12T17:24:29+00:00","description":"Get the loan that fits your life. Interest rates starting at 9.99%*. Loan amounts from $500 to $35,000. Pay back whenever you want with no fees or penalties.","breadcrumb":{"@id":"https:\/\/springfinancial.ca\/rating-two\/#breadcrumb"},"inLanguage":"fr-FR","potentialAction":[{"@type":"ReadAction","target":["https:\/\/springfinancial.ca\/rating-two\/"]}]},{"@type":"ImageObject","inLanguage":"fr-FR","@id":"https:\/\/springfinancial.ca\/rating-two\/#primaryimage","url":"https:\/\/springfinancial.ca\/wp-content\/uploads\/2025\/12\/2TwoStars.svg","contentUrl":"https:\/\/springfinancial.ca\/wp-content\/uploads\/2025\/12\/2TwoStars.svg"},{"@type":"BreadcrumbList","@id":"https:\/\/springfinancial.ca\/rating-two\/#breadcrumb","itemListElement":[{"@type":"ListItem","position":1,"name":"Home","item":"https:\/\/springfinancial.ca\/fr\/"},{"@type":"ListItem","position":2,"name":"Two Star Review"}]},{"@type":"WebSite","@id":"https:\/\/springfinancial.ca\/#website","url":"https:\/\/springfinancial.ca\/","name":"Spring Financial","description":"Online Loans from 9.99%","publisher":{"@id":"https:\/\/springfinancial.ca\/#organization"},"potentialAction":[{"@type":"SearchAction","target":{"@type":"EntryPoint","urlTemplate":"https:\/\/springfinancial.ca\/?s={search_term_string}"},"query-input":{"@type":"PropertyValueSpecification","valueRequired":true,"valueName":"search_term_string"}}],"inLanguage":"fr-FR"},{"@type":"Organization","@id":"https:\/\/springfinancial.ca\/#organization","name":"Spring Financial","url":"https:\/\/springfinancial.ca\/","logo":{"@type":"ImageObject","inLanguage":"fr-FR","@id":"https:\/\/springfinancial.ca\/#\/schema\/logo\/image\/","url":"https:\/\/springfinancial.ca\/wp-content\/uploads\/2025\/08\/spring-logo-80x34-1.svg","contentUrl":"https:\/\/springfinancial.ca\/wp-content\/uploads\/2025\/08\/spring-logo-80x34-1.svg","width":80,"height":34,"caption":"Spring Financial"},"image":{"@id":"https:\/\/springfinancial.ca\/#\/schema\/logo\/image\/"},"sameAs":["https:\/\/www.facebook.com\/springfinancial\/","https:\/\/www.instagram.com\/springfinancial.ca"]}]}},"_links":{"self":[{"href":"https:\/\/springfinancial.ca\/fr\/wp-json\/wp\/v2\/pages\/18512","targetHints":{"allow":["GET"]}}],"collection":[{"href":"https:\/\/springfinancial.ca\/fr\/wp-json\/wp\/v2\/pages"}],"about":[{"href":"https:\/\/springfinancial.ca\/fr\/wp-json\/wp\/v2\/types\/page"}],"author":[{"embeddable":true,"href":"https:\/\/springfinancial.ca\/fr\/wp-json\/wp\/v2\/users\/6"}],"replies":[{"embeddable":true,"href":"https:\/\/springfinancial.ca\/fr\/wp-json\/wp\/v2\/comments?post=18512"}],"version-history":[{"count":59,"href":"https:\/\/springfinancial.ca\/fr\/wp-json\/wp\/v2\/pages\/18512\/revisions"}],"predecessor-version":[{"id":19370,"href":"https:\/\/springfinancial.ca\/fr\/wp-json\/wp\/v2\/pages\/18512\/revisions\/19370"}],"wp:attachment":[{"href":"https:\/\/springfinancial.ca\/fr\/wp-json\/wp\/v2\/media?parent=18512"}],"curies":[{"name":"wp","href":"https:\/\/api.w.org\/{rel}","templated":true}]}}